{"id":9452,"date":"2025-12-19T11:52:16","date_gmt":"2025-12-19T10:52:16","guid":{"rendered":"https:\/\/www.dairindecoracion.com\/?page_id=9452"},"modified":"2026-03-31T13:30:58","modified_gmt":"2026-03-31T11:30:58","slug":"sobre-nosotros","status":"publish","type":"page","link":"https:\/\/www.dairindecoracion.com\/en\/sobre-nosotros\/","title":{"rendered":"About Us"},"content":{"rendered":"<div data-elementor-type=\"wp-page\" data-elementor-id=\"9452\" class=\"elementor elementor-9452\">\n\t\t\t\t<div class=\"elementor-element elementor-element-b2520c8 e-flex e-con-boxed e-con e-parent\" data-id=\"b2520c8\" data-element_type=\"container\">\n\t\t\t\t\t<div class=\"e-con-inner\">\n\t\t\t\t<div class=\"elementor-element elementor-element-9376048 elementor-widget elementor-widget-heading\" data-id=\"9376048\" data-element_type=\"widget\" data-widget_type=\"heading.default\">\n\t\t\t\t\t<h2 class=\"elementor-heading-title elementor-size-default\">About Us<\/h2>\t\t\t\t<\/div>\n\t\t<div class=\"elementor-element elementor-element-c708f1a e-con-full e-flex e-con e-child\" data-id=\"c708f1a\" data-element_type=\"container\">\n\t\t\t\t<div class=\"elementor-element elementor-element-16caf08 elementor-widget-divider--view-line elementor-widget elementor-widget-divider\" data-id=\"16caf08\" data-element_type=\"widget\" data-widget_type=\"divider.default\">\n\t\t\t\t\t\t\t<div class=\"elementor-divider\">\n\t\t\t<span class=\"elementor-divider-separator\">\n\t\t\t\t\t\t<\/span>\n\t\t<\/div>\n\t\t\t\t\t\t<\/div>\n\t\t<div class=\"elementor-element elementor-element-237419e e-con-full e-flex e-con e-child\" data-id=\"237419e\" data-element_type=\"container\">\n\t\t\t\t<div class=\"elementor-element elementor-element-12948a4 elementor-widget elementor-widget-heading\" data-id=\"12948a4\" data-element_type=\"widget\" data-widget_type=\"heading.default\">\n\t\t\t\t\t<h2 class=\"elementor-heading-title elementor-size-default\">Over 3 decades creating homes with soul<\/h2>\t\t\t\t<\/div>\n\t\t<div class=\"elementor-element elementor-element-7ea126a e-con-full e-flex e-con e-child\" data-id=\"7ea126a\" data-element_type=\"container\">\n\t\t\t\t<div class=\"elementor-element elementor-element-e99e949 elementor-hidden-mobile elementor-widget elementor-widget-text-editor\" data-id=\"e99e949\" data-element_type=\"widget\" data-widget_type=\"text-editor.default\">\n\t\t\t\t\t\t\t\t\t<p class=\"translation-block\">In 1974 we opened our doors as <strong>Tapicer\u00eda Guerrero<\/strong>, a small family business where we learned that good work is done with time, dedication and heart. Every piece that left our workshop carried more than technique \u2014 it carried commitment.<\/p><p class=\"translation-block\">Over the years, we grew and evolved into <strong>Dairin Interior Design<\/strong>, while staying true to our essence. Today, more than 50 years later, we continue to work with the same dedication and passion for transforming spaces into real homes.<\/p><p class=\"translation-block\">We have our own upholstery <strong>atelier<\/strong>, where every detail of upholstery and textile craftsmanship is carefully crafted; an <strong>interior design studio<\/strong> for developing complete renovation and design projects for private clients, businesses and hotels; and a spacious showroom featuring a curated selection of furniture and textile brands.<\/p><p>What truly sets us apart is how we accompany each client: we listen, advise with honesty, and seek solutions designed to be lived in and enjoyed \u2014 not just admired.<\/p><p>\u00a0\u00a0<b>If you\u2019re thinking about renovating, transforming or refreshing your home, we would be delighted to accompany you. Visit us and discover everything we can do to help you create a home that truly reflects you.\u00a0\u00a0<\/b><\/p>\t\t\t\t\t\t\t\t<\/div>\n\t\t\t\t<div class=\"elementor-element elementor-element-bad641d elementor-hidden-desktop elementor-hidden-tablet elementor-widget elementor-widget-text-editor\" data-id=\"bad641d\" data-element_type=\"widget\" data-widget_type=\"text-editor.default\">\n\t\t\t\t\t\t\t\t\t<p class=\"translation-block\">In 1974 we opened our doors as <strong>Tapicer\u00eda Guerrero<\/strong>, a small family business where we learned that good work is done with time, dedication and heart. Every piece that left our workshop carried more than technique \u2014 it carried commitment.<\/p>\n<p>Con los a\u00f1os crecimos y evolucionamos hasta convertirnos en <b>Dairin Interior Design<\/b>, pero sin perder nuestra esencia. Hoy, m\u00e1s de 50 a\u00f1os despu\u00e9s, seguimos trabajando con la misma cercan\u00eda y pasi\u00f3n por transformar espacios en verdaderos hogares. Si est\u00e1s pensando en renovar, transformar o dar un nuevo aire a tu casa, estaremos encantados de acompa\u00f1arte. <b>Ven a conocernos y descubre todo lo que podemos hacer para ayudarte a crear un hogar que realmente hable de ti.<\/b><\/p>\t\t\t\t\t\t\t\t<\/div>\n\t\t\t\t<\/div>\n\t\t\t\t<\/div>\n\t\t\t\t<\/div>\n\t\t\t\t\t<\/div>\n\t\t\t\t<\/div>\n\t\t<div class=\"elementor-element elementor-element-b17b810 e-flex e-con-boxed e-con e-parent\" data-id=\"b17b810\" data-element_type=\"container\" data-settings=\"{&quot;background_background&quot;:&quot;classic&quot;}\">\n\t\t\t\t\t<div class=\"e-con-inner\">\n\t\t\t\t<div class=\"elementor-element elementor-element-4659927 elementor-widget elementor-widget-heading\" data-id=\"4659927\" data-element_type=\"widget\" data-widget_type=\"heading.default\">\n\t\t\t\t\t<h2 class=\"elementor-heading-title elementor-size-default\">Would you like to transform your space with us?<\/h2>\t\t\t\t<\/div>\n\t\t\t\t<div class=\"elementor-element elementor-element-3c5a9a6 elementor-widget elementor-widget-text-editor\" data-id=\"3c5a9a6\" data-element_type=\"widget\" data-widget_type=\"text-editor.default\">\n\t\t\t\t\t\t\t\t\t<p class=\"translation-block\">In <strong>Dairin Interior Design <\/strong>, we design spaces tailored to you. If you are thinking about renovating, decorating or carrying out a refurbishment,<\/p><p class=\"translation-block\"><em>we are <\/em><em style=\"color: var(--e-global-color-text )\">here <\/em><em style=\"color: var(--e-global-color-text )\"><\/em><\/p><p><em>\u00a0\u00a0 Write to us and tell us about your idea; together we will turn the space you imagine into reality.<\/em><\/p>\t\t\t\t\t\t\t\t<\/div>\n\t\t\t\t<div class=\"elementor-element elementor-element-13fdf67 elementor-align-center elementor-widget elementor-widget-button\" data-id=\"13fdf67\" data-element_type=\"widget\" data-widget_type=\"button.default\">\n\t\t\t\t\t\t\t\t\t\t<a class=\"elementor-button elementor-button-link elementor-size-sm\" href=\"https:\/\/www.dairindecoracion.com\/en\/contacto-2\/\">\n\t\t\t\t\t\t<span class=\"elementor-button-content-wrapper\">\n\t\t\t\t\t\t\t\t\t<span class=\"elementor-button-text\">Contact us<\/span>\n\t\t\t\t\t<\/span>\n\t\t\t\t\t<\/a>\n\t\t\t\t\t\t\t\t<\/div>\n\t\t\t\t\t<\/div>\n\t\t\t\t<\/div>\n\t\t<div class=\"elementor-element elementor-element-c2a0c00 e-flex e-con-boxed e-con e-parent\" data-id=\"c2a0c00\" data-element_type=\"container\" data-settings=\"{&quot;background_background&quot;:&quot;classic&quot;}\">\n\t\t\t\t\t<div class=\"e-con-inner\">\n\t\t\t\t<div class=\"elementor-element elementor-element-5e7333e elementor-widget elementor-widget-heading\" data-id=\"5e7333e\" data-element_type=\"widget\" data-widget_type=\"heading.default\">\n\t\t\t\t\t<h2 class=\"elementor-heading-title elementor-size-default\"><a href=\"https:\/\/www.dairindecoracion.com\/en\/?page_id=3&#038;preview=true\">Privacy Policy<\/a><\/h2>\t\t\t\t<\/div>\n\t\t\t\t<div class=\"elementor-element elementor-element-c9415a9 elementor-widget elementor-widget-heading\" data-id=\"c9415a9\" data-element_type=\"widget\" data-widget_type=\"heading.default\">\n\t\t\t\t\t<h2 class=\"elementor-heading-title elementor-size-default\"><a href=\"https:\/\/www.dairindecoracion.com\/en\/aviso-legal\/\">Legal Notice<\/a><\/h2>\t\t\t\t<\/div>\n\t\t\t\t<div class=\"elementor-element elementor-element-ca5e168 elementor-widget elementor-widget-heading\" data-id=\"ca5e168\" data-element_type=\"widget\" data-widget_type=\"heading.default\">\n\t\t\t\t\t<h2 class=\"elementor-heading-title elementor-size-default\"><a href=\"https:\/\/www.dairindecoracion.com\/en\/terminos-y-condiciones\/\">Terms and Conditions<\/a><\/h2>\t\t\t\t<\/div>\n\t\t\t\t<div class=\"elementor-element elementor-element-d4cc956 elementor-view-default elementor-widget elementor-widget-icon\" data-id=\"d4cc956\" data-element_type=\"widget\" data-widget_type=\"icon.default\">\n\t\t\t\t\t\t\t<div class=\"elementor-icon-wrapper\">\n\t\t\t<a class=\"elementor-icon\" href=\"https:\/\/www.instagram.com\/dairin_decoracion?igsh=MTk1N2hrdGVnOG14eQ%3D%3D&#038;utm_source=qr\">\n\t\t\t<svg aria-hidden=\"true\" class=\"e-font-icon-svg e-fab-instagram\" viewbox=\"0 0 448 512\" xmlns=\"http:\/\/www.w3.org\/2000\/svg\"><path d=\"M224.1 141c-63.6 0-114.9 51.3-114.9 114.9s51.3 114.9 114.9 114.9S339 319.5 339 255.9 287.7 141 224.1 141zm0 189.6c-41.1 0-74.7-33.5-74.7-74.7s33.5-74.7 74.7-74.7 74.7 33.5 74.7 74.7-33.6 74.7-74.7 74.7zm146.4-194.3c0 14.9-12 26.8-26.8 26.8-14.9 0-26.8-12-26.8-26.8s12-26.8 26.8-26.8 26.8 12 26.8 26.8zm76.1 27.2c-1.7-35.9-9.9-67.7-36.2-93.9-26.2-26.2-58-34.4-93.9-36.2-37-2.1-147.9-2.1-184.9 0-35.8 1.7-67.6 9.9-93.9 36.1s-34.4 58-36.2 93.9c-2.1 37-2.1 147.9 0 184.9 1.7 35.9 9.9 67.7 36.2 93.9s58 34.4 93.9 36.2c37 2.1 147.9 2.1 184.9 0 35.9-1.7 67.7-9.9 93.9-36.2 26.2-26.2 34.4-58 36.2-93.9 2.1-37 2.1-147.8 0-184.8zM398.8 388c-7.8 19.6-22.9 34.7-42.6 42.6-29.5 11.7-99.5 9-132.1 9s-102.7 2.6-132.1-9c-19.6-7.8-34.7-22.9-42.6-42.6-11.7-29.5-9-99.5-9-132.1s-2.6-102.7 9-132.1c7.8-19.6 22.9-34.7 42.6-42.6 29.5-11.7 99.5-9 132.1-9s102.7-2.6 132.1 9c19.6 7.8 34.7 22.9 42.6 42.6 11.7 29.5 9 99.5 9 132.1s2.7 102.7-9 132.1z\"><\/path><\/svg>\t\t\t<\/a>\n\t\t<\/div>\n\t\t\t\t\t\t<\/div>\n\t\t\t\t<div class=\"elementor-element elementor-element-e6e7b59 elementor-view-default elementor-widget elementor-widget-icon\" data-id=\"e6e7b59\" data-element_type=\"widget\" data-widget_type=\"icon.default\">\n\t\t\t\t\t\t\t<div class=\"elementor-icon-wrapper\">\n\t\t\t<a class=\"elementor-icon\" href=\"https:\/\/www.tiktok.com\/@dairin_decoracion?_r=1&#038;_t=ZN-94eoli1A83y\">\n\t\t\t<svg aria-hidden=\"true\" class=\"e-font-icon-svg e-fab-tiktok\" viewbox=\"0 0 448 512\" xmlns=\"http:\/\/www.w3.org\/2000\/svg\"><path d=\"M448,209.91a210.06,210.06,0,0,1-122.77-39.25V349.38A162.55,162.55,0,1,1,185,188.31V278.2a74.62,74.62,0,1,0,52.23,71.18V0l88,0a121.18,121.18,0,0,0,1.86,22.17h0A122.18,122.18,0,0,0,381,102.39a121.43,121.43,0,0,0,67,20.14Z\"><\/path><\/svg>\t\t\t<\/a>\n\t\t<\/div>\n\t\t\t\t\t\t<\/div>\n\t\t\t\t<div class=\"elementor-element elementor-element-36263ef elementor-hidden-mobile elementor-view-default elementor-widget elementor-widget-icon\" data-id=\"36263ef\" data-element_type=\"widget\" data-widget_type=\"icon.default\">\n\t\t\t\t\t\t\t<div class=\"elementor-icon-wrapper\">\n\t\t\t<a class=\"elementor-icon\" href=\"https:\/\/www.facebook.com\/DairinDecoracion\/?locale=es_LA\">\n\t\t\t<svg aria-hidden=\"true\" class=\"e-font-icon-svg e-fab-facebook\" viewbox=\"0 0 512 512\" xmlns=\"http:\/\/www.w3.org\/2000\/svg\"><path d=\"M504 256C504 119 393 8 256 8S8 119 8 256c0 123.78 90.69 226.38 209.25 245V327.69h-63V256h63v-54.64c0-62.15 37-96.48 93.67-96.48 27.14 0 55.52 4.84 55.52 4.84v61h-31.28c-30.8 0-40.41 19.12-40.41 38.73V256h68.78l-11 71.69h-57.78V501C413.31 482.38 504 379.78 504 256z\"><\/path><\/svg>\t\t\t<\/a>\n\t\t<\/div>\n\t\t\t\t\t\t<\/div>\n\t\t\t\t<div class=\"elementor-element elementor-element-55f66aa elementor-hidden-mobile elementor-view-default elementor-widget elementor-widget-icon\" data-id=\"55f66aa\" data-element_type=\"widget\" data-widget_type=\"icon.default\">\n\t\t\t\t\t\t\t<div class=\"elementor-icon-wrapper\">\n\t\t\t<a class=\"elementor-icon\" href=\"https:\/\/www.linkedin.com\/in\/dairin-decoraci%C3%B3n-4a6865146?utm_source=share&#038;utm_campaign=share_via&#038;utm_content=profile&#038;utm_medium=ios_app\">\n\t\t\t<svg aria-hidden=\"true\" class=\"e-font-icon-svg e-fab-linkedin\" viewbox=\"0 0 448 512\" xmlns=\"http:\/\/www.w3.org\/2000\/svg\"><path d=\"M416 32H31.9C14.3 32 0 46.5 0 64.3v383.4C0 465.5 14.3 480 31.9 480H416c17.6 0 32-14.5 32-32.3V64.3c0-17.8-14.4-32.3-32-32.3zM135.4 416H69V202.2h66.5V416zm-33.2-243c-21.3 0-38.5-17.3-38.5-38.5S80.9 96 102.2 96c21.2 0 38.5 17.3 38.5 38.5 0 21.3-17.2 38.5-38.5 38.5zm282.1 243h-66.4V312c0-24.8-.5-56.7-34.5-56.7-34.6 0-39.9 27-39.9 54.9V416h-66.4V202.2h63.7v29.2h.9c8.9-16.8 30.6-34.5 62.9-34.5 67.2 0 79.7 44.3 79.7 101.9V416z\"><\/path><\/svg>\t\t\t<\/a>\n\t\t<\/div>\n\t\t\t\t\t\t<\/div>\n\t\t\t\t\t<\/div>\n\t\t\t\t<\/div>\n\t\t\t\t<\/div>","protected":false},"excerpt":{"rendered":"<p>Sobre Nosotros M\u00e1s de 3 d\u00e9cadas creando hogares con alma En 1974 levantamos la persiana como Tapicer\u00eda Guerrero, un peque\u00f1o negocio familiar donde aprendimos que el buen trabajo se hace con tiempo, dedicaci\u00f3n y coraz\u00f3n. Cada pieza que sal\u00eda de nuestro taller llevaba algo m\u00e1s que t\u00e9cnica: llevaba compromiso. Con los a\u00f1os crecimos y evolucionamos [&hellip;]<\/p>\n","protected":false},"author":1,"featured_media":0,"parent":0,"menu_order":0,"comment_status":"closed","ping_status":"closed","template":"","meta":{"footnotes":""},"class_list":["post-9452","page","type-page","status-publish","hentry"],"_links":{"self":[{"href":"https:\/\/www.dairindecoracion.com\/en\/wp-json\/wp\/v2\/pages\/9452","targetHints":{"allow":["GET"]}}],"collection":[{"href":"https:\/\/www.dairindecoracion.com\/en\/wp-json\/wp\/v2\/pages"}],"about":[{"href":"https:\/\/www.dairindecoracion.com\/en\/wp-json\/wp\/v2\/types\/page"}],"author":[{"embeddable":true,"href":"https:\/\/www.dairindecoracion.com\/en\/wp-json\/wp\/v2\/users\/1"}],"replies":[{"embeddable":true,"href":"https:\/\/www.dairindecoracion.com\/en\/wp-json\/wp\/v2\/comments?post=9452"}],"version-history":[{"count":73,"href":"https:\/\/www.dairindecoracion.com\/en\/wp-json\/wp\/v2\/pages\/9452\/revisions"}],"predecessor-version":[{"id":10859,"href":"https:\/\/www.dairindecoracion.com\/en\/wp-json\/wp\/v2\/pages\/9452\/revisions\/10859"}],"wp:attachment":[{"href":"https:\/\/www.dairindecoracion.com\/en\/wp-json\/wp\/v2\/media?parent=9452"}],"curies":[{"name":"wp","href":"https:\/\/api.w.org\/{rel}","templated":true}]}}