{"id":8757,"date":"2019-09-23T12:31:57","date_gmt":"2019-09-23T10:31:57","guid":{"rendered":"https:\/\/www.dairindecoracion.com\/?page_id=8757"},"modified":"2019-09-23T12:31:57","modified_gmt":"2019-09-23T10:31:57","slug":"christian-fischbacher","status":"publish","type":"page","link":"https:\/\/www.dairindecoracion.com\/en\/christian-fischbacher\/","title":{"rendered":"CHRISTIAN FISCHBACHER"},"content":{"rendered":"<p>[vc_row css=\u00bb.vc_custom_1560441196785{padding-top: 65px !important;padding-bottom: 60px !important;background-position: center !important;background-repeat: no-repeat !important;background-size: cover !important;}\u00bb][vc_column][vc_row_inner row_content_width=\u00bbgrid\u00bb content_text_aligment=\u00bbcenter\u00bb][vc_column_inner width=\u00bb2\/3&#8243; offset=\u00bbvc_col-sm-offset-2&#8243;][eltdf_section_title position=\u00bbcenter\u00bb title_tag=\u00bbh1&#8243; title_separator=\u00bbyes\u00bb text_font_weight=\u00bb300&#8243; title=\u00bbCHRISTIAN FISCHBACHER\u00bb subtitle=\u00bbTextil\u00bb text=\u00bb2019 marc\u00f3 el 200 aniversario de esta exitosa marca de textil. Los productos est\u00e1n hechos de los mejores materiales utilizando una amplia gama de t\u00e9cnicas de fabricaci\u00f3n tradicionales e innovadoras. Brillando en tonos dorados, plateados y met\u00e1licos, agregan un brillo misterioso e iridiscente a los interiores.\u00bb text_font_size=\u00bb19&#8243;][\/vc_column_inner][\/vc_row_inner][vc_row_inner row_content_width=\u00bbgrid\u00bb css=\u00bb.vc_custom_1487937376310{padding-top: 70px !important;padding-bottom: 50px !important;}\u00bb][vc_column_inner width=\u00bb1\/2&#8243;][vc_single_image image=\u00bb8759&#8243; img_size=\u00bblarge\u00bb alignment=\u00bbcenter\u00bb][\/vc_column_inner][vc_column_inner width=\u00bb1\/2&#8243;][vc_single_image image=\u00bb8758&#8243; img_size=\u00bblarge\u00bb alignment=\u00bbcenter\u00bb][\/vc_column_inner][\/vc_row_inner][\/vc_column][\/vc_row]<\/p>\n","protected":false},"excerpt":{"rendered":"<p>[vc_row css=\u00bb.vc_custom_1560441196785{padding-top: 65px !important;padding-bottom: 60px !important;background-position: center !important;background-repeat: no-repeat !important;background-size: cover !important;}\u00bb][vc_column][vc_row_inner row_content_width=\u00bbgrid\u00bb content_text_aligment=\u00bbcenter\u00bb][vc_column_inner width=\u00bb2\/3&#8243; offset=\u00bbvc_col-sm-offset-2&#8243;][eltdf_section_title position=\u00bbcenter\u00bb title_tag=\u00bbh1&#8243; title_separator=\u00bbyes\u00bb text_font_weight=\u00bb300&#8243; title=\u00bbCHRISTIAN FISCHBACHER\u00bb subtitle=\u00bbTextil\u00bb text=\u00bb2019 marc\u00f3 el 200 aniversario de esta exitosa marca de textil. Los productos est\u00e1n hechos de los mejores materiales utilizando una amplia gama de t\u00e9cnicas de fabricaci\u00f3n tradicionales e innovadoras. Brillando en [&hellip;]<\/p>\n","protected":false},"author":1,"featured_media":0,"parent":0,"menu_order":0,"comment_status":"closed","ping_status":"closed","template":"full-width.php","meta":{"footnotes":""},"class_list":["post-8757","page","type-page","status-publish","hentry"],"_links":{"self":[{"href":"https:\/\/www.dairindecoracion.com\/en\/wp-json\/wp\/v2\/pages\/8757","targetHints":{"allow":["GET"]}}],"collection":[{"href":"https:\/\/www.dairindecoracion.com\/en\/wp-json\/wp\/v2\/pages"}],"about":[{"href":"https:\/\/www.dairindecoracion.com\/en\/wp-json\/wp\/v2\/types\/page"}],"author":[{"embeddable":true,"href":"https:\/\/www.dairindecoracion.com\/en\/wp-json\/wp\/v2\/users\/1"}],"replies":[{"embeddable":true,"href":"https:\/\/www.dairindecoracion.com\/en\/wp-json\/wp\/v2\/comments?post=8757"}],"version-history":[{"count":1,"href":"https:\/\/www.dairindecoracion.com\/en\/wp-json\/wp\/v2\/pages\/8757\/revisions"}],"predecessor-version":[{"id":8760,"href":"https:\/\/www.dairindecoracion.com\/en\/wp-json\/wp\/v2\/pages\/8757\/revisions\/8760"}],"wp:attachment":[{"href":"https:\/\/www.dairindecoracion.com\/en\/wp-json\/wp\/v2\/media?parent=8757"}],"curies":[{"name":"wp","href":"https:\/\/api.w.org\/{rel}","templated":true}]}}