{"id":8651,"date":"2019-08-12T11:49:21","date_gmt":"2019-08-12T09:49:21","guid":{"rendered":"https:\/\/www.dairindecoracion.com\/?page_id=8651"},"modified":"2019-11-18T12:12:49","modified_gmt":"2019-11-18T11:12:49","slug":"sofas-grassoler","status":"publish","type":"page","link":"https:\/\/www.dairindecoracion.com\/en\/sofas-grassoler\/","title":{"rendered":"SOF\u00c1S GRASSOLER"},"content":{"rendered":"<p>[vc_row css=\u00bb.vc_custom_1560441196785{padding-top: 65px !important;padding-bottom: 60px !important;background-position: center !important;background-repeat: no-repeat !important;background-size: cover !important;}\u00bb][vc_column][vc_row_inner row_content_width=\u00bbgrid\u00bb content_text_aligment=\u00bbcenter\u00bb][vc_column_inner width=\u00bb2\/3&#8243; offset=\u00bbvc_col-sm-offset-2&#8243;][eltdf_section_title position=\u00bbcenter\u00bb title_tag=\u00bbh1&#8243; title_separator=\u00bbyes\u00bb text_font_weight=\u00bb\u00bb title=\u00bbGRASSOLER\u00bb subtitle=\u00bbTextil\u00bb text=\u00bbFruto de la iniciativa de Jos\u00e9 Gras Soler, con 19 a\u00f1os, Grassoler, S.A. naci\u00f3 en 1960 como una peque\u00f1a estructura empresarial en un local del centro de Barcelona, que m\u00e1s tarde, en 1966 traslad\u00f3 a las instalaciones actuales. El negocio empez\u00f3 a crecer hacia 1964, a\u00f1o de lanzamiento del mayor \u00e9xito de ventas que ha tenido la empresa llamado Davis y que la catapult\u00f3 en Espa\u00f1a gracias al revolucionario sistema de muelles y armaz\u00f3n de hierro que incorporaba, desarrollado por Jos\u00e9 Gras y patentado por Grassoler, llamado Intelligent System\u00ae, considerado un dise\u00f1o que incorporaba gran ingenier\u00eda constructiva. Ha sido la culminaci\u00f3n del binomio dise\u00f1o y ergonom\u00eda que consigue el m\u00e1ximo descanso.\u00bb][\/vc_column_inner][\/vc_row_inner][vc_row_inner row_content_width=\u00bbgrid\u00bb css=\u00bb.vc_custom_1487937376310{padding-top: 70px !important;padding-bottom: 50px !important;}\u00bb][vc_column_inner width=\u00bb1\/2&#8243;][vc_single_image image=\u00bb8817&#8243; img_size=\u00bblarge\u00bb alignment=\u00bbcenter\u00bb][\/vc_column_inner][vc_column_inner width=\u00bb1\/2&#8243;][vc_single_image image=\u00bb8818&#8243; img_size=\u00bblarge\u00bb alignment=\u00bbcenter\u00bb][\/vc_column_inner][\/vc_row_inner][\/vc_column][\/vc_row]<\/p>\n","protected":false},"excerpt":{"rendered":"<p>[vc_row css=\u00bb.vc_custom_1560441196785{padding-top: 65px !important;padding-bottom: 60px !important;background-position: center !important;background-repeat: no-repeat !important;background-size: cover !important;}\u00bb][vc_column][vc_row_inner row_content_width=\u00bbgrid\u00bb content_text_aligment=\u00bbcenter\u00bb][vc_column_inner width=\u00bb2\/3&#8243; offset=\u00bbvc_col-sm-offset-2&#8243;][eltdf_section_title position=\u00bbcenter\u00bb title_tag=\u00bbh1&#8243; title_separator=\u00bbyes\u00bb text_font_weight=\u00bb\u00bb title=\u00bbGRASSOLER\u00bb subtitle=\u00bbTextil\u00bb text=\u00bbFruto de la iniciativa de Jos\u00e9 Gras Soler, con 19 a\u00f1os, Grassoler, S.A. naci\u00f3 en 1960 como una peque\u00f1a estructura empresarial en un local del centro de Barcelona, que m\u00e1s tarde, en 1966 [&hellip;]<\/p>\n","protected":false},"author":1,"featured_media":0,"parent":0,"menu_order":0,"comment_status":"closed","ping_status":"closed","template":"full-width.php","meta":{"footnotes":""},"class_list":["post-8651","page","type-page","status-publish","hentry"],"_links":{"self":[{"href":"https:\/\/www.dairindecoracion.com\/en\/wp-json\/wp\/v2\/pages\/8651","targetHints":{"allow":["GET"]}}],"collection":[{"href":"https:\/\/www.dairindecoracion.com\/en\/wp-json\/wp\/v2\/pages"}],"about":[{"href":"https:\/\/www.dairindecoracion.com\/en\/wp-json\/wp\/v2\/types\/page"}],"author":[{"embeddable":true,"href":"https:\/\/www.dairindecoracion.com\/en\/wp-json\/wp\/v2\/users\/1"}],"replies":[{"embeddable":true,"href":"https:\/\/www.dairindecoracion.com\/en\/wp-json\/wp\/v2\/comments?post=8651"}],"version-history":[{"count":4,"href":"https:\/\/www.dairindecoracion.com\/en\/wp-json\/wp\/v2\/pages\/8651\/revisions"}],"predecessor-version":[{"id":8828,"href":"https:\/\/www.dairindecoracion.com\/en\/wp-json\/wp\/v2\/pages\/8651\/revisions\/8828"}],"wp:attachment":[{"href":"https:\/\/www.dairindecoracion.com\/en\/wp-json\/wp\/v2\/media?parent=8651"}],"curies":[{"name":"wp","href":"https:\/\/api.w.org\/{rel}","templated":true}]}}