{"id":8564,"date":"2019-08-05T18:14:16","date_gmt":"2019-08-05T16:14:16","guid":{"rendered":"https:\/\/www.dairindecoracion.com\/?page_id=8564"},"modified":"2019-10-02T12:31:51","modified_gmt":"2019-10-02T10:31:51","slug":"schumacher","status":"publish","type":"page","link":"https:\/\/www.dairindecoracion.com\/en\/schumacher\/","title":{"rendered":"SCHUMACHER TEXTILES"},"content":{"rendered":"<p>[vc_row css=\u00bb.vc_custom_1560441196785{padding-top: 65px !important;padding-bottom: 60px !important;background-position: center !important;background-repeat: no-repeat !important;background-size: cover !important;}\u00bb][vc_column][vc_row_inner row_content_width=\u00bbgrid\u00bb content_text_aligment=\u00bbcenter\u00bb][vc_column_inner width=\u00bb2\/3&#8243; offset=\u00bbvc_col-sm-offset-2&#8243;][eltdf_section_title position=\u00bbcenter\u00bb title_tag=\u00bbh1&#8243; title_separator=\u00bbyes\u00bb text_font_weight=\u00bb300&#8243; title=\u00bbSCHUMACHER\u00bb subtitle=\u00bbTextil\u00bb text=\u00bbDesde 1889, F. Schumacher &amp; Co. Ha vestido los interiores de lugares tan emblem\u00e1ticos como la Casa Blanca, las salas de la Corte Suprema de los Estados Unidos y muchas de las residencias m\u00e1s distinguidas americanas.<\/p>\n<p>Son la quinta generaci\u00f3n de Federic Schumacher los descendientes directos de esta gran empresa privada y est\u00e1n orgullosos de que su empresa fuera la primera y \u00fanica proveedora de textiles decorativos del siglo XIX en su pa\u00eds. Schumacher es la principal fuente de tejidos de lujo, revestimientos de paredes y acabados para el mercado de contract, proyectos residenciales personalizados as\u00ed como reproducciones hist\u00f3ricas. Las colecciones son muchas y completas: conscientes del valor y respeto por lo cl\u00e1sico sin perder de vista la vanguardia. Una pasi\u00f3n por el lujo y un compromiso inquebrantable con la belleza se entretejen en todo lo que hacen.\u00bb text_font_size=\u00bb19&#8243;][\/vc_column_inner][\/vc_row_inner][vc_row_inner row_content_width=\u00bbgrid\u00bb css=\u00bb.vc_custom_1487937376310{padding-top: 70px !important;padding-bottom: 50px !important;}\u00bb][vc_column_inner width=\u00bb1\/2&#8243;][vc_single_image image=\u00bb8565&#8243; img_size=\u00bblarge\u00bb alignment=\u00bbcenter\u00bb][\/vc_column_inner][vc_column_inner width=\u00bb1\/2&#8243;][vc_single_image image=\u00bb8566&#8243; img_size=\u00bblarge\u00bb alignment=\u00bbcenter\u00bb][\/vc_column_inner][\/vc_row_inner][\/vc_column][\/vc_row]<\/p>\n","protected":false},"excerpt":{"rendered":"<p>[vc_row css=\u00bb.vc_custom_1560441196785{padding-top: 65px !important;padding-bottom: 60px !important;background-position: center !important;background-repeat: no-repeat !important;background-size: cover !important;}\u00bb][vc_column][vc_row_inner row_content_width=\u00bbgrid\u00bb content_text_aligment=\u00bbcenter\u00bb][vc_column_inner width=\u00bb2\/3&#8243; offset=\u00bbvc_col-sm-offset-2&#8243;][eltdf_section_title position=\u00bbcenter\u00bb title_tag=\u00bbh1&#8243; title_separator=\u00bbyes\u00bb text_font_weight=\u00bb300&#8243; title=\u00bbSCHUMACHER\u00bb subtitle=\u00bbTextil\u00bb text=\u00bbDesde 1889, F. Schumacher &amp; Co. Ha vestido los interiores de lugares tan emblem\u00e1ticos como la Casa Blanca, las salas de la Corte Suprema de los Estados Unidos y muchas de las residencias [&hellip;]<\/p>\n","protected":false},"author":1,"featured_media":0,"parent":0,"menu_order":0,"comment_status":"closed","ping_status":"closed","template":"full-width.php","meta":{"footnotes":""},"class_list":["post-8564","page","type-page","status-publish","hentry"],"_links":{"self":[{"href":"https:\/\/www.dairindecoracion.com\/en\/wp-json\/wp\/v2\/pages\/8564","targetHints":{"allow":["GET"]}}],"collection":[{"href":"https:\/\/www.dairindecoracion.com\/en\/wp-json\/wp\/v2\/pages"}],"about":[{"href":"https:\/\/www.dairindecoracion.com\/en\/wp-json\/wp\/v2\/types\/page"}],"author":[{"embeddable":true,"href":"https:\/\/www.dairindecoracion.com\/en\/wp-json\/wp\/v2\/users\/1"}],"replies":[{"embeddable":true,"href":"https:\/\/www.dairindecoracion.com\/en\/wp-json\/wp\/v2\/comments?post=8564"}],"version-history":[{"count":5,"href":"https:\/\/www.dairindecoracion.com\/en\/wp-json\/wp\/v2\/pages\/8564\/revisions"}],"predecessor-version":[{"id":8811,"href":"https:\/\/www.dairindecoracion.com\/en\/wp-json\/wp\/v2\/pages\/8564\/revisions\/8811"}],"wp:attachment":[{"href":"https:\/\/www.dairindecoracion.com\/en\/wp-json\/wp\/v2\/media?parent=8564"}],"curies":[{"name":"wp","href":"https:\/\/api.w.org\/{rel}","templated":true}]}}